
{"id":1654,"date":"2023-03-21T10:40:12","date_gmt":"2023-03-21T08:40:12","guid":{"rendered":"https:\/\/www.teamplace.eu\/estt\/?post_type=product&#038;p=1654"},"modified":"2026-02-12T11:56:12","modified_gmt":"2026-02-12T09:56:12","slug":"naisten-edustushousut-estt","status":"publish","type":"product","link":"https:\/\/www.teamplace.eu\/estt\/product\/naisten-edustushousut-estt\/","title":{"rendered":"Naisten edustusasun housut 2026 EsTT"},"content":{"rendered":"<p>Edustusasun 2026 housut.<\/p>\n<p>Vy\u00f6t\u00e4r\u00f6lt\u00e4 ja lantiolta istuvissa housuissa on suorat lahkeet. Vy\u00f6t\u00e4r\u00f6ll\u00e4 on 3,5cm leve\u00e4 kuminauha, sek\u00e4 kiristynauha. Lahkeensuissa kiristyskuminauhat. Korkealaatuinen joustava materiaali on hengitt\u00e4v\u00e4 ja haihduttaa kosteuden nopeasti.<\/p>\n<p>EsTT painatus painettu valkoisella oikeaan reiteen.<\/p>\n<p>Materiaali: 80% PA, 20% EA<br \/>\nKoot: 120, 130, 140, 150, XS, S, M, L, XL<br \/>\nV\u00e4ri: musta<\/p>\n","protected":false},"excerpt":{"rendered":"<p>Edustusasun 2026 housut.<\/p>\n<p>Vy\u00f6t\u00e4r\u00f6lt\u00e4 ja lantiolta istuvissa housuissa on suorat lahkeet. Vy\u00f6t\u00e4r\u00f6ll\u00e4 on 3,5cm leve\u00e4 kuminauha, sek\u00e4 kiristynauha. Lahkeensuissa kiristyskuminauhat. Korkealaatuinen joustava materiaali on hengitt\u00e4v\u00e4 ja haihduttaa kosteuden nopeasti.<\/p>\n<p>EsTT painatus painettu valkoisella oikeaan reiteen.<\/p>\n<p>Materiaali: 80% PA, 20% EA<br \/>\nKoot: 120, 130, 140, 150, XS, S, M, L, XL<br \/>\nV\u00e4ri: musta<\/p>\n","protected":false},"featured_media":1882,"comment_status":"closed","ping_status":"closed","template":"","meta":[],"product_brand":[],"product_cat":[56,68,69,55],"product_tag":[],"class_list":{"0":"post-1654","1":"product","2":"type-product","3":"status-publish","4":"has-post-thumbnail","6":"product_cat-akrobatiavoimistelu","7":"product_cat-edustusasut","8":"product_cat-estt-tuotteet","9":"product_cat-teamgym","11":"first","12":"instock","13":"taxable","14":"shipping-taxable","15":"purchasable","16":"product-type-variable"},"exclude_global_add_ons":[],"addons":[],"featured_image_urls_v2":{"full":["https:\/\/www.teamplace.eu\/estt\/wp-content\/uploads\/sites\/9\/2023\/03\/Vivid-musta-estt.png",1064,1064,false],"thumbnail":["https:\/\/www.teamplace.eu\/estt\/wp-content\/uploads\/sites\/9\/2023\/03\/Vivid-musta-estt-150x150.png",150,150,true],"medium":["https:\/\/www.teamplace.eu\/estt\/wp-content\/uploads\/sites\/9\/2023\/03\/Vivid-musta-estt-300x300.png",300,300,true],"medium_large":["https:\/\/www.teamplace.eu\/estt\/wp-content\/uploads\/sites\/9\/2023\/03\/Vivid-musta-estt-768x768.png",580,580,true],"large":["https:\/\/www.teamplace.eu\/estt\/wp-content\/uploads\/sites\/9\/2023\/03\/Vivid-musta-estt-1024x1024.png",580,580,true],"1536x1536":["https:\/\/www.teamplace.eu\/estt\/wp-content\/uploads\/sites\/9\/2023\/03\/Vivid-musta-estt.png",1064,1064,false],"2048x2048":["https:\/\/www.teamplace.eu\/estt\/wp-content\/uploads\/sites\/9\/2023\/03\/Vivid-musta-estt.png",1064,1064,false],"post-thumbnail":["https:\/\/www.teamplace.eu\/estt\/wp-content\/uploads\/sites\/9\/2023\/03\/Vivid-musta-estt.png",1064,1064,false],"twentytwenty-fullscreen":["https:\/\/www.teamplace.eu\/estt\/wp-content\/uploads\/sites\/9\/2023\/03\/Vivid-musta-estt.png",1064,1064,false],"woocommerce_thumbnail":["https:\/\/www.teamplace.eu\/estt\/wp-content\/uploads\/sites\/9\/2023\/03\/Vivid-musta-estt-450x450.png",450,450,true],"woocommerce_single":["https:\/\/www.teamplace.eu\/estt\/wp-content\/uploads\/sites\/9\/2023\/03\/Vivid-musta-estt-600x600.png",600,600,true],"woocommerce_gallery_thumbnail":["https:\/\/www.teamplace.eu\/estt\/wp-content\/uploads\/sites\/9\/2023\/03\/Vivid-musta-estt-100x100.png",100,100,true]},"post_excerpt_stackable_v2":"<p>Edustusasun 2026 housut.<\/p>\n<p>Vy\u00f6t\u00e4r\u00f6lt\u00e4 ja lantiolta istuvissa housuissa on suorat lahkeet. Vy\u00f6t\u00e4r\u00f6ll\u00e4 on 3,5cm leve\u00e4 kuminauha, sek\u00e4 kiristynauha. Lahkeensuissa kiristyskuminauhat. Korkealaatuinen joustava materiaali on hengitt\u00e4v\u00e4 ja haihduttaa kosteuden nopeasti.<\/p>\n<p>EsTT painatus painettu valkoisella oikeaan reiteen.<\/p>\n<p>Materiaali: 80% PA, 20% EA<br \/>\nKoot: 120, 130, 140, 150, XS, S, M, L, XL<br \/>\nV\u00e4ri: musta<\/p>\n","category_list_v2":"","author_info_v2":{"name":"","url":""},"comments_num_v2":"0 comments","_links":{"self":[{"href":"https:\/\/www.teamplace.eu\/estt\/wp-json\/wp\/v2\/product\/1654","targetHints":{"allow":["GET"]}}],"collection":[{"href":"https:\/\/www.teamplace.eu\/estt\/wp-json\/wp\/v2\/product"}],"about":[{"href":"https:\/\/www.teamplace.eu\/estt\/wp-json\/wp\/v2\/types\/product"}],"replies":[{"embeddable":true,"href":"https:\/\/www.teamplace.eu\/estt\/wp-json\/wp\/v2\/comments?post=1654"}],"wp:featuredmedia":[{"embeddable":true,"href":"https:\/\/www.teamplace.eu\/estt\/wp-json\/wp\/v2\/media\/1882"}],"wp:attachment":[{"href":"https:\/\/www.teamplace.eu\/estt\/wp-json\/wp\/v2\/media?parent=1654"}],"wp:term":[{"taxonomy":"product_brand","embeddable":true,"href":"https:\/\/www.teamplace.eu\/estt\/wp-json\/wp\/v2\/product_brand?post=1654"},{"taxonomy":"product_cat","embeddable":true,"href":"https:\/\/www.teamplace.eu\/estt\/wp-json\/wp\/v2\/product_cat?post=1654"},{"taxonomy":"product_tag","embeddable":true,"href":"https:\/\/www.teamplace.eu\/estt\/wp-json\/wp\/v2\/product_tag?post=1654"}],"curies":[{"name":"wp","href":"https:\/\/api.w.org\/{rel}","templated":true}]}}