
{"id":1641,"date":"2023-01-18T09:15:41","date_gmt":"2023-01-18T07:15:41","guid":{"rendered":"https:\/\/www.teamplace.eu\/estt\/?post_type=product&#038;p=1641"},"modified":"2026-02-12T11:56:26","modified_gmt":"2026-02-12T09:56:26","slug":"estt-edustusasun-takki-naisten","status":"publish","type":"product","link":"https:\/\/www.teamplace.eu\/estt\/product\/estt-edustusasun-takki-naisten\/","title":{"rendered":"Naisten edustusasun takki 2026 EsTT"},"content":{"rendered":"<p>Seuran virallisen edustusasun 2026 takki kilpailuihin.<\/p>\n<p>Takki on valmistettu joustavasta polyestermateriaalista ja tuntuu p\u00e4\u00e4ll\u00e4 miellytt\u00e4v\u00e4lt\u00e4. Muotoleikkaukset edess\u00e4 ja takana takaavat kauniin istuvuuden. Vetoketjutaskut edess\u00e4, peukkurei\u00e4t hihansuissa ja pystykaulus.<\/p>\n<p>Takin selk\u00e4\u00e4n painettu valkoinen EsTT Gymnastics logo, vasemmassa hihassa Suomen lippu.<\/p>\n<p>Takin koot: 120cm, 130cm, 140cm, 150cm, XS, S, M, L, XL<\/p>\n<p>V\u00e4ri: tummansininen<\/p>\n","protected":false},"excerpt":{"rendered":"<p>Seuran virallisen edustusasun 2026 takki kilpailuihin.<\/p>\n<p>Takki on valmistettu joustavasta polyestermateriaalista ja tuntuu p\u00e4\u00e4ll\u00e4 miellytt\u00e4v\u00e4lt\u00e4. Muotoleikkaukset edess\u00e4 ja takana takaavat kauniin istuvuuden. Vetoketjutaskut edess\u00e4, peukkurei\u00e4t hihansuissa ja pystykaulus.<\/p>\n<p>Takin selk\u00e4\u00e4n painettu valkoinen EsTT Gymnastics logo, vasemmassa hihassa Suomen lippu.<\/p>\n<p>Takin koot: 120cm, 130cm, 140cm, 150cm, XS, S, M, L, XL<\/p>\n<p>V\u00e4ri: tummansininen<\/p>\n","protected":false},"featured_media":1582,"comment_status":"open","ping_status":"closed","template":"","meta":[],"product_brand":[],"product_cat":[56,68,69,55],"product_tag":[],"class_list":{"0":"post-1641","1":"product","2":"type-product","3":"status-publish","4":"has-post-thumbnail","6":"product_cat-akrobatiavoimistelu","7":"product_cat-edustusasut","8":"product_cat-estt-tuotteet","9":"product_cat-teamgym","11":"first","12":"instock","13":"taxable","14":"shipping-taxable","15":"purchasable","16":"product-type-simple"},"exclude_global_add_ons":false,"addons":[{"name":"Valitse takin koko:","type":"multiple_choice","position":0,"required":true,"title_format":"label","default":"","description_enable":false,"description":"","placeholder_enable":false,"placeholder":"","display":"select","restrictions_type":"any_text","adjust_price":false,"price":"","price_type":"flat_fee","restrictions":false,"min":"0","max":"0","options":[{"label":"120cm","price":"","price_type":"flat_fee","image":0,"visibility":true},{"label":"130cm","price":"","price_type":"flat_fee","image":0,"visibility":true},{"label":"140cm","price":"","price_type":"flat_fee","image":0,"visibility":true},{"label":"150cm","price":"","price_type":"flat_fee","image":0,"visibility":true},{"label":"XS","price":"","price_type":"flat_fee","image":0,"visibility":true},{"label":"S","price":"","price_type":"flat_fee","image":0,"visibility":true},{"label":"M","price":"","price_type":"flat_fee","image":0,"visibility":true},{"label":"L","price":"","price_type":"flat_fee","image":0,"visibility":true},{"label":"XL","price":"","price_type":"flat_fee","image":0,"visibility":true}],"id":1674033875}],"featured_image_urls_v2":{"full":["https:\/\/www.teamplace.eu\/estt\/wp-content\/uploads\/sites\/9\/2021\/12\/EsTT-edustustakki-taka-1.png",1064,1064,false],"thumbnail":["https:\/\/www.teamplace.eu\/estt\/wp-content\/uploads\/sites\/9\/2021\/12\/EsTT-edustustakki-taka-1-150x150.png",150,150,true],"medium":["https:\/\/www.teamplace.eu\/estt\/wp-content\/uploads\/sites\/9\/2021\/12\/EsTT-edustustakki-taka-1-300x300.png",300,300,true],"medium_large":["https:\/\/www.teamplace.eu\/estt\/wp-content\/uploads\/sites\/9\/2021\/12\/EsTT-edustustakki-taka-1-768x768.png",580,580,true],"large":["https:\/\/www.teamplace.eu\/estt\/wp-content\/uploads\/sites\/9\/2021\/12\/EsTT-edustustakki-taka-1-1024x1024.png",580,580,true],"1536x1536":["https:\/\/www.teamplace.eu\/estt\/wp-content\/uploads\/sites\/9\/2021\/12\/EsTT-edustustakki-taka-1.png",1064,1064,false],"2048x2048":["https:\/\/www.teamplace.eu\/estt\/wp-content\/uploads\/sites\/9\/2021\/12\/EsTT-edustustakki-taka-1.png",1064,1064,false],"post-thumbnail":["https:\/\/www.teamplace.eu\/estt\/wp-content\/uploads\/sites\/9\/2021\/12\/EsTT-edustustakki-taka-1.png",1064,1064,false],"twentytwenty-fullscreen":["https:\/\/www.teamplace.eu\/estt\/wp-content\/uploads\/sites\/9\/2021\/12\/EsTT-edustustakki-taka-1.png",1064,1064,false],"woocommerce_thumbnail":["https:\/\/www.teamplace.eu\/estt\/wp-content\/uploads\/sites\/9\/2021\/12\/EsTT-edustustakki-taka-1-450x450.png",450,450,true],"woocommerce_single":["https:\/\/www.teamplace.eu\/estt\/wp-content\/uploads\/sites\/9\/2021\/12\/EsTT-edustustakki-taka-1-600x600.png",600,600,true],"woocommerce_gallery_thumbnail":["https:\/\/www.teamplace.eu\/estt\/wp-content\/uploads\/sites\/9\/2021\/12\/EsTT-edustustakki-taka-1-100x100.png",100,100,true]},"post_excerpt_stackable_v2":"<p>Seuran virallisen edustusasun 2026 takki kilpailuihin.<\/p>\n<p>Takki on valmistettu joustavasta polyestermateriaalista ja tuntuu p\u00e4\u00e4ll\u00e4 miellytt\u00e4v\u00e4lt\u00e4. Muotoleikkaukset edess\u00e4 ja takana takaavat kauniin istuvuuden. Vetoketjutaskut edess\u00e4, peukkurei\u00e4t hihansuissa ja pystykaulus.<\/p>\n<p>Takin selk\u00e4\u00e4n painettu valkoinen EsTT Gymnastics logo, vasemmassa hihassa Suomen lippu.<\/p>\n<p>Takin koot: 120cm, 130cm, 140cm, 150cm, XS, S, M, L, XL<\/p>\n<p>V\u00e4ri: tummansininen<\/p>\n","category_list_v2":"","author_info_v2":{"name":"","url":""},"comments_num_v2":"0 comments","_links":{"self":[{"href":"https:\/\/www.teamplace.eu\/estt\/wp-json\/wp\/v2\/product\/1641","targetHints":{"allow":["GET"]}}],"collection":[{"href":"https:\/\/www.teamplace.eu\/estt\/wp-json\/wp\/v2\/product"}],"about":[{"href":"https:\/\/www.teamplace.eu\/estt\/wp-json\/wp\/v2\/types\/product"}],"replies":[{"embeddable":true,"href":"https:\/\/www.teamplace.eu\/estt\/wp-json\/wp\/v2\/comments?post=1641"}],"wp:featuredmedia":[{"embeddable":true,"href":"https:\/\/www.teamplace.eu\/estt\/wp-json\/wp\/v2\/media\/1582"}],"wp:attachment":[{"href":"https:\/\/www.teamplace.eu\/estt\/wp-json\/wp\/v2\/media?parent=1641"}],"wp:term":[{"taxonomy":"product_brand","embeddable":true,"href":"https:\/\/www.teamplace.eu\/estt\/wp-json\/wp\/v2\/product_brand?post=1641"},{"taxonomy":"product_cat","embeddable":true,"href":"https:\/\/www.teamplace.eu\/estt\/wp-json\/wp\/v2\/product_cat?post=1641"},{"taxonomy":"product_tag","embeddable":true,"href":"https:\/\/www.teamplace.eu\/estt\/wp-json\/wp\/v2\/product_tag?post=1641"}],"curies":[{"name":"wp","href":"https:\/\/api.w.org\/{rel}","templated":true}]}}