
{"id":1598,"date":"2022-08-16T13:31:49","date_gmt":"2022-08-16T10:31:49","guid":{"rendered":"https:\/\/www.teamplace.eu\/estt\/?post_type=product&#038;p=1598"},"modified":"2026-02-12T11:56:37","modified_gmt":"2026-02-12T09:56:37","slug":"bloom-pitkahihainen-puolivetoketjulla-estt","status":"publish","type":"product","link":"https:\/\/www.teamplace.eu\/estt\/product\/bloom-pitkahihainen-puolivetoketjulla-estt\/","title":{"rendered":"BLOOM pitk\u00e4hihainen puolivetoketjulla EsTT \/eri v\u00e4rej\u00e4"},"content":{"rendered":"<p>Sporttinen pitk\u00e4hihainen puolivetoketjulla. Kaareva leikkaussauma kiert\u00e4\u00e4 paidan ymp\u00e4ri antaen ryhdikk\u00e4\u00e4n ulkoasun. Pitk\u00e4hihainen paita on malliltaan istuva ja hihoissa on mukavasti pituutta. Korkealaa- tuinen ja joustava materiaali on hengitt\u00e4v\u00e4 ja haihduttaa kosteuden nopeasti, jolloin k\u00e4ytt\u00f6mukavuus on ihanteellinen. <\/p>\n<p>Paidan sel\u00e4ss\u00e4 valkoinen EsTT Gymnastics logopainatus.<\/p>\n<p>MATERIAALI: 80% PA, 20% EA<\/p>\n<p>KOOT: 120, 130, 140, 150, XS, S, M, L, XL<\/p>\n","protected":false},"excerpt":{"rendered":"<p>Sporttinen pitk\u00e4hihainen puolivetoketjulla. Kaareva leikkaussauma kiert\u00e4\u00e4 paidan ymp\u00e4ri antaen ryhdikk\u00e4\u00e4n ulkoasun. Pitk\u00e4hihainen paita on malliltaan istuva ja hihoissa on mukavasti pituutta. Korkealaa- tuinen ja joustava materiaali on hengitt\u00e4v\u00e4 ja haihduttaa kosteuden nopeasti, jolloin k\u00e4ytt\u00f6mukavuus on ihanteellinen. <\/p>\n<p>Paidan sel\u00e4ss\u00e4 valkoinen EsTT Gymnastics logopainatus.<\/p>\n<p>MATERIAALI: 80% PA, 20% EA<\/p>\n<p>KOOT: 120, 130, 140, 150, XS, S, M, L, XL<\/p>\n","protected":false},"featured_media":1608,"comment_status":"open","ping_status":"closed","template":"","meta":[],"product_brand":[],"product_cat":[69,15],"product_tag":[],"class_list":{"0":"post-1598","1":"product","2":"type-product","3":"status-publish","4":"has-post-thumbnail","6":"product_cat-estt-tuotteet","7":"product_cat-uncategorized","9":"first","10":"instock","11":"taxable","12":"shipping-taxable","13":"purchasable","14":"product-type-variable"},"exclude_global_add_ons":false,"addons":[{"name":"Valitse paidan v\u00e4ri:","type":"multiple_choice","position":0,"required":true,"title_format":"label","default":"","description_enable":false,"description":"","placeholder_enable":false,"placeholder":"","display":"images","restrictions_type":"any_text","adjust_price":false,"price":"","price_type":"flat_fee","restrictions":false,"min":"0","max":"0","options":[{"label":"Musta","price":"","price_type":"flat_fee","image":1138,"visibility":true},{"label":"Tummansininen","price":"","price_type":"flat_fee","image":1609,"visibility":true}],"id":1770741818}],"featured_image_urls_v2":{"full":["https:\/\/www.teamplace.eu\/estt\/wp-content\/uploads\/sites\/9\/2022\/08\/Bloom-navy-taka-estt.png",1064,1064,false],"thumbnail":["https:\/\/www.teamplace.eu\/estt\/wp-content\/uploads\/sites\/9\/2022\/08\/Bloom-navy-taka-estt-150x150.png",150,150,true],"medium":["https:\/\/www.teamplace.eu\/estt\/wp-content\/uploads\/sites\/9\/2022\/08\/Bloom-navy-taka-estt-300x300.png",300,300,true],"medium_large":["https:\/\/www.teamplace.eu\/estt\/wp-content\/uploads\/sites\/9\/2022\/08\/Bloom-navy-taka-estt-768x768.png",580,580,true],"large":["https:\/\/www.teamplace.eu\/estt\/wp-content\/uploads\/sites\/9\/2022\/08\/Bloom-navy-taka-estt-1024x1024.png",580,580,true],"1536x1536":["https:\/\/www.teamplace.eu\/estt\/wp-content\/uploads\/sites\/9\/2022\/08\/Bloom-navy-taka-estt.png",1064,1064,false],"2048x2048":["https:\/\/www.teamplace.eu\/estt\/wp-content\/uploads\/sites\/9\/2022\/08\/Bloom-navy-taka-estt.png",1064,1064,false],"post-thumbnail":["https:\/\/www.teamplace.eu\/estt\/wp-content\/uploads\/sites\/9\/2022\/08\/Bloom-navy-taka-estt.png",1064,1064,false],"twentytwenty-fullscreen":["https:\/\/www.teamplace.eu\/estt\/wp-content\/uploads\/sites\/9\/2022\/08\/Bloom-navy-taka-estt.png",1064,1064,false],"woocommerce_thumbnail":["https:\/\/www.teamplace.eu\/estt\/wp-content\/uploads\/sites\/9\/2022\/08\/Bloom-navy-taka-estt-450x450.png",450,450,true],"woocommerce_single":["https:\/\/www.teamplace.eu\/estt\/wp-content\/uploads\/sites\/9\/2022\/08\/Bloom-navy-taka-estt-600x600.png",600,600,true],"woocommerce_gallery_thumbnail":["https:\/\/www.teamplace.eu\/estt\/wp-content\/uploads\/sites\/9\/2022\/08\/Bloom-navy-taka-estt-100x100.png",100,100,true]},"post_excerpt_stackable_v2":"<p>Sporttinen pitk\u00e4hihainen puolivetoketjulla. Kaareva leikkaussauma kiert\u00e4\u00e4 paidan ymp\u00e4ri antaen ryhdikk\u00e4\u00e4n ulkoasun. Pitk\u00e4hihainen paita on malliltaan istuva ja hihoissa on mukavasti pituutta. Korkealaa- tuinen ja joustava materiaali on hengitt\u00e4v\u00e4 ja haihduttaa kosteuden nopeasti, jolloin k\u00e4ytt\u00f6mukavuus on ihanteellinen. <\/p>\n<p>Paidan sel\u00e4ss\u00e4 valkoinen EsTT Gymnastics logopainatus.<\/p>\n<p>MATERIAALI: 80% PA, 20% EA<\/p>\n<p>KOOT: 120, 130, 140, 150, XS, S, M, L, XL<\/p>\n","category_list_v2":"","author_info_v2":{"name":"","url":""},"comments_num_v2":"0 comments","_links":{"self":[{"href":"https:\/\/www.teamplace.eu\/estt\/wp-json\/wp\/v2\/product\/1598","targetHints":{"allow":["GET"]}}],"collection":[{"href":"https:\/\/www.teamplace.eu\/estt\/wp-json\/wp\/v2\/product"}],"about":[{"href":"https:\/\/www.teamplace.eu\/estt\/wp-json\/wp\/v2\/types\/product"}],"replies":[{"embeddable":true,"href":"https:\/\/www.teamplace.eu\/estt\/wp-json\/wp\/v2\/comments?post=1598"}],"wp:featuredmedia":[{"embeddable":true,"href":"https:\/\/www.teamplace.eu\/estt\/wp-json\/wp\/v2\/media\/1608"}],"wp:attachment":[{"href":"https:\/\/www.teamplace.eu\/estt\/wp-json\/wp\/v2\/media?parent=1598"}],"wp:term":[{"taxonomy":"product_brand","embeddable":true,"href":"https:\/\/www.teamplace.eu\/estt\/wp-json\/wp\/v2\/product_brand?post=1598"},{"taxonomy":"product_cat","embeddable":true,"href":"https:\/\/www.teamplace.eu\/estt\/wp-json\/wp\/v2\/product_cat?post=1598"},{"taxonomy":"product_tag","embeddable":true,"href":"https:\/\/www.teamplace.eu\/estt\/wp-json\/wp\/v2\/product_tag?post=1598"}],"curies":[{"name":"wp","href":"https:\/\/api.w.org\/{rel}","templated":true}]}}