
{"id":1529,"date":"2022-04-28T10:28:17","date_gmt":"2022-04-28T07:28:17","guid":{"rendered":"https:\/\/www.teamplace.eu\/estt\/?post_type=product&#038;p=1529"},"modified":"2026-02-12T11:57:01","modified_gmt":"2026-02-12T09:57:01","slug":"eastpak-pinnacle-reppu-estt","status":"publish","type":"product","link":"https:\/\/www.teamplace.eu\/estt\/product\/eastpak-pinnacle-reppu-estt\/","title":{"rendered":"Eastpak Pinnacle reppu EsTT \/eri v\u00e4rej\u00e4"},"content":{"rendered":"<p>Pinnacle repussa on kaksi isoa osastoa tavaroille, kolmas pienempi vetoketjullinen tasku, sek\u00e4 verkkotasku pikkutavaroille. Pehmustetut olkaimet sek\u00e4 selk\u00e4osa. Reppu on iso ja siihen mahtuu paljon tavaraa.<\/p>\n<p>EsTT logo painettu l\u00e4p\u00e4n yl\u00e4osaan valkoisella.<\/p>\n<p>Tilavuus: 38L<br \/>\nkoko: 42x32x25.5cm<br \/>\nV\u00e4ri: Tummansininen ja musta<\/p>\n","protected":false},"excerpt":{"rendered":"<p>Pinnacle repussa on kaksi isoa osastoa tavaroille, kolmas pienempi vetoketjullinen tasku, sek\u00e4 verkkotasku pikkutavaroille. Pehmustetut olkaimet sek\u00e4 selk\u00e4osa. Reppu on iso ja siihen mahtuu paljon tavaraa.<\/p>\n<p>EsTT logo painettu l\u00e4p\u00e4n yl\u00e4osaan valkoisella.<\/p>\n<p>Tilavuus: 38L<br \/>\nkoko: 42x32x25.5cm<br \/>\nV\u00e4ri: Tummansininen ja musta<\/p>\n","protected":false},"featured_media":1530,"comment_status":"open","ping_status":"closed","template":"","meta":[],"product_brand":[],"product_cat":[69,15],"product_tag":[],"class_list":{"0":"post-1529","1":"product","2":"type-product","3":"status-publish","4":"has-post-thumbnail","6":"product_cat-estt-tuotteet","7":"product_cat-uncategorized","9":"first","10":"instock","11":"taxable","12":"shipping-taxable","13":"purchasable","14":"product-type-simple"},"exclude_global_add_ons":false,"addons":{"1":{"name":"Valitse repun v\u00e4ri:","type":"multiple_choice","position":0,"required":true,"title_format":"label","default":"","description_enable":false,"description":"","placeholder_enable":false,"placeholder":"","display":"images","restrictions_type":"any_text","adjust_price":false,"price":"","price_type":"flat_fee","restrictions":false,"min":"0","max":"0","options":[{"label":"Musta","price":"","price_type":"flat_fee","image":1354,"visibility":true},{"label":"Tummansininen","price":"","price_type":"flat_fee","image":1530,"visibility":true}],"id":1770731933},"0":{"name":"Voit halutessasi lis\u00e4t\u00e4 nimen laukkuun","type":"custom_text","position":1,"required":false,"title_format":"heading","default":"","description_enable":true,"description":"Etunimi painetaan logon alle valkoisella. Kirjoita nimi alla olevaan kentt\u00e4\u00e4n:","placeholder_enable":false,"placeholder":"","display":"select","restrictions_type":"any_text","adjust_price":true,"price":"5","price_type":"flat_fee","restrictions":true,"min":"0","max":"12","options":[],"id":1770731701}},"featured_image_urls_v2":{"full":["https:\/\/www.teamplace.eu\/estt\/wp-content\/uploads\/sites\/9\/2022\/04\/Pinnacle-Marine-estt.png",1065,1065,false],"thumbnail":["https:\/\/www.teamplace.eu\/estt\/wp-content\/uploads\/sites\/9\/2022\/04\/Pinnacle-Marine-estt-150x150.png",150,150,true],"medium":["https:\/\/www.teamplace.eu\/estt\/wp-content\/uploads\/sites\/9\/2022\/04\/Pinnacle-Marine-estt-300x300.png",300,300,true],"medium_large":["https:\/\/www.teamplace.eu\/estt\/wp-content\/uploads\/sites\/9\/2022\/04\/Pinnacle-Marine-estt-768x768.png",580,580,true],"large":["https:\/\/www.teamplace.eu\/estt\/wp-content\/uploads\/sites\/9\/2022\/04\/Pinnacle-Marine-estt-1024x1024.png",580,580,true],"1536x1536":["https:\/\/www.teamplace.eu\/estt\/wp-content\/uploads\/sites\/9\/2022\/04\/Pinnacle-Marine-estt.png",1065,1065,false],"2048x2048":["https:\/\/www.teamplace.eu\/estt\/wp-content\/uploads\/sites\/9\/2022\/04\/Pinnacle-Marine-estt.png",1065,1065,false],"post-thumbnail":["https:\/\/www.teamplace.eu\/estt\/wp-content\/uploads\/sites\/9\/2022\/04\/Pinnacle-Marine-estt.png",1065,1065,false],"twentytwenty-fullscreen":["https:\/\/www.teamplace.eu\/estt\/wp-content\/uploads\/sites\/9\/2022\/04\/Pinnacle-Marine-estt.png",1065,1065,false],"woocommerce_thumbnail":["https:\/\/www.teamplace.eu\/estt\/wp-content\/uploads\/sites\/9\/2022\/04\/Pinnacle-Marine-estt-450x450.png",450,450,true],"woocommerce_single":["https:\/\/www.teamplace.eu\/estt\/wp-content\/uploads\/sites\/9\/2022\/04\/Pinnacle-Marine-estt-600x600.png",600,600,true],"woocommerce_gallery_thumbnail":["https:\/\/www.teamplace.eu\/estt\/wp-content\/uploads\/sites\/9\/2022\/04\/Pinnacle-Marine-estt-100x100.png",100,100,true]},"post_excerpt_stackable_v2":"<p>Pinnacle repussa on kaksi isoa osastoa tavaroille, kolmas pienempi vetoketjullinen tasku, sek\u00e4 verkkotasku pikkutavaroille. Pehmustetut olkaimet sek\u00e4 selk\u00e4osa. Reppu on iso ja siihen mahtuu paljon tavaraa.<\/p>\n<p>EsTT logo painettu l\u00e4p\u00e4n yl\u00e4osaan valkoisella.<\/p>\n<p>Tilavuus: 38L<br \/>\nkoko: 42x32x25.5cm<br \/>\nV\u00e4ri: Tummansininen ja musta<\/p>\n","category_list_v2":"","author_info_v2":{"name":"","url":""},"comments_num_v2":"0 comments","_links":{"self":[{"href":"https:\/\/www.teamplace.eu\/estt\/wp-json\/wp\/v2\/product\/1529","targetHints":{"allow":["GET"]}}],"collection":[{"href":"https:\/\/www.teamplace.eu\/estt\/wp-json\/wp\/v2\/product"}],"about":[{"href":"https:\/\/www.teamplace.eu\/estt\/wp-json\/wp\/v2\/types\/product"}],"replies":[{"embeddable":true,"href":"https:\/\/www.teamplace.eu\/estt\/wp-json\/wp\/v2\/comments?post=1529"}],"wp:featuredmedia":[{"embeddable":true,"href":"https:\/\/www.teamplace.eu\/estt\/wp-json\/wp\/v2\/media\/1530"}],"wp:attachment":[{"href":"https:\/\/www.teamplace.eu\/estt\/wp-json\/wp\/v2\/media?parent=1529"}],"wp:term":[{"taxonomy":"product_brand","embeddable":true,"href":"https:\/\/www.teamplace.eu\/estt\/wp-json\/wp\/v2\/product_brand?post=1529"},{"taxonomy":"product_cat","embeddable":true,"href":"https:\/\/www.teamplace.eu\/estt\/wp-json\/wp\/v2\/product_cat?post=1529"},{"taxonomy":"product_tag","embeddable":true,"href":"https:\/\/www.teamplace.eu\/estt\/wp-json\/wp\/v2\/product_tag?post=1529"}],"curies":[{"name":"wp","href":"https:\/\/api.w.org\/{rel}","templated":true}]}}