
{"id":152,"date":"2021-02-17T14:38:30","date_gmt":"2021-02-17T12:38:30","guid":{"rendered":"https:\/\/www.teamplace.eu\/estt\/tuote\/huppari-hto-musta\/"},"modified":"2026-02-12T12:03:28","modified_gmt":"2026-02-12T10:03:28","slug":"huppari-estt","status":"publish","type":"product","link":"https:\/\/www.teamplace.eu\/estt\/product\/huppari-estt\/","title":{"rendered":"Huppari EsTT \/eri v\u00e4rej\u00e4"},"content":{"rendered":"<p>Huppari vapaa-ajalle, johon painettu valkoinen iso EsTT Gymnastics logo keskelle rintaa. Materiaali tuntuu kunnolliselle ja j\u00e4m\u00e4k\u00e4lle. Hupussa kaksinkertainen kangas.<\/p>\n<p>Unisex Huppari<br \/>\n50% puuvilla, 50% polyesteri<br \/>\nPaksuus 280g\/m\u00b2<br \/>\nHarjattu sis\u00e4puoli<br \/>\nResorit helmassa, hihansuissa ja kauluksessa<br \/>\nRegular Fit<\/p>\n<p>Koot:<br \/>\nLasten: S (5\/6v), M (7\/8v), L (9\/11v), XL (12\/14v)<br \/>\nAikuisten: XS, S, M, L, XL, XXL<\/p>\n","protected":false},"excerpt":{"rendered":"<p>Huppari vapaa-ajalle, johon painettu valkoinen iso EsTT Gymnastics logo keskelle rintaa. Materiaali tuntuu kunnolliselle ja j\u00e4m\u00e4k\u00e4lle. Hupussa kaksinkertainen kangas.<\/p>\n<p>Unisex Huppari<br \/>\n50% puuvilla, 50% polyesteri<br \/>\nPaksuus 280g\/m\u00b2<br \/>\nHarjattu sis\u00e4puoli<br \/>\nResorit helmassa, hihansuissa ja kauluksessa<br \/>\nRegular Fit<\/p>\n<p>Koot:<br \/>\nLasten: S (5\/6v), M (7\/8v), L (9\/11v), XL (12\/14v)<br \/>\nAikuisten: XS, S, M, L, XL, XXL<\/p>\n","protected":false},"featured_media":1975,"comment_status":"closed","ping_status":"closed","template":"","meta":[],"product_brand":[],"product_cat":[69,15],"product_tag":[],"class_list":{"0":"post-152","1":"product","2":"type-product","3":"status-publish","4":"has-post-thumbnail","6":"product_cat-estt-tuotteet","7":"product_cat-uncategorized","9":"first","10":"instock","11":"taxable","12":"shipping-taxable","13":"purchasable","14":"product-type-variable"},"exclude_global_add_ons":false,"addons":[{"name":"Valitse hupparin v\u00e4ri:","type":"multiple_choice","position":0,"required":true,"title_format":"label","default":"","description_enable":false,"description":"","placeholder_enable":false,"placeholder":"","display":"images","restrictions_type":"any_text","adjust_price":false,"price":"","price_type":"flat_fee","restrictions":false,"min":"0","max":"0","options":[{"label":"Musta","price":"","price_type":"flat_fee","image":1974,"visibility":true},{"label":"Meleerattu harmaa","price":"","price_type":"flat_fee","image":1973,"visibility":true},{"label":"Tummansininen","price":"","price_type":"flat_fee","image":1975,"visibility":true}],"id":1770812268}],"featured_image_urls_v2":{"full":["https:\/\/www.teamplace.eu\/estt\/wp-content\/uploads\/sites\/9\/2021\/03\/Huppari-navy-etu-estt.png",1064,1064,false],"thumbnail":["https:\/\/www.teamplace.eu\/estt\/wp-content\/uploads\/sites\/9\/2021\/03\/Huppari-navy-etu-estt-150x150.png",150,150,true],"medium":["https:\/\/www.teamplace.eu\/estt\/wp-content\/uploads\/sites\/9\/2021\/03\/Huppari-navy-etu-estt-300x300.png",300,300,true],"medium_large":["https:\/\/www.teamplace.eu\/estt\/wp-content\/uploads\/sites\/9\/2021\/03\/Huppari-navy-etu-estt-768x768.png",580,580,true],"large":["https:\/\/www.teamplace.eu\/estt\/wp-content\/uploads\/sites\/9\/2021\/03\/Huppari-navy-etu-estt-1024x1024.png",580,580,true],"1536x1536":["https:\/\/www.teamplace.eu\/estt\/wp-content\/uploads\/sites\/9\/2021\/03\/Huppari-navy-etu-estt.png",1064,1064,false],"2048x2048":["https:\/\/www.teamplace.eu\/estt\/wp-content\/uploads\/sites\/9\/2021\/03\/Huppari-navy-etu-estt.png",1064,1064,false],"post-thumbnail":["https:\/\/www.teamplace.eu\/estt\/wp-content\/uploads\/sites\/9\/2021\/03\/Huppari-navy-etu-estt.png",1064,1064,false],"twentytwenty-fullscreen":["https:\/\/www.teamplace.eu\/estt\/wp-content\/uploads\/sites\/9\/2021\/03\/Huppari-navy-etu-estt.png",1064,1064,false],"woocommerce_thumbnail":["https:\/\/www.teamplace.eu\/estt\/wp-content\/uploads\/sites\/9\/2021\/03\/Huppari-navy-etu-estt-450x450.png",450,450,true],"woocommerce_single":["https:\/\/www.teamplace.eu\/estt\/wp-content\/uploads\/sites\/9\/2021\/03\/Huppari-navy-etu-estt-600x600.png",600,600,true],"woocommerce_gallery_thumbnail":["https:\/\/www.teamplace.eu\/estt\/wp-content\/uploads\/sites\/9\/2021\/03\/Huppari-navy-etu-estt-100x100.png",100,100,true]},"post_excerpt_stackable_v2":"<p>Huppari vapaa-ajalle, johon painettu valkoinen iso EsTT Gymnastics logo keskelle rintaa. Materiaali tuntuu kunnolliselle ja j\u00e4m\u00e4k\u00e4lle. Hupussa kaksinkertainen kangas.<\/p>\n<p>Unisex Huppari<br \/>\n50% puuvilla, 50% polyesteri<br \/>\nPaksuus 280g\/m\u00b2<br \/>\nHarjattu sis\u00e4puoli<br \/>\nResorit helmassa, hihansuissa ja kauluksessa<br \/>\nRegular Fit<\/p>\n<p>Koot:<br \/>\nLasten: S (5\/6v), M (7\/8v), L (9\/11v), XL (12\/14v)<br \/>\nAikuisten: XS, S, M, L, XL, XXL<\/p>\n","category_list_v2":"","author_info_v2":{"name":"","url":""},"comments_num_v2":"0 comments","_links":{"self":[{"href":"https:\/\/www.teamplace.eu\/estt\/wp-json\/wp\/v2\/product\/152","targetHints":{"allow":["GET"]}}],"collection":[{"href":"https:\/\/www.teamplace.eu\/estt\/wp-json\/wp\/v2\/product"}],"about":[{"href":"https:\/\/www.teamplace.eu\/estt\/wp-json\/wp\/v2\/types\/product"}],"replies":[{"embeddable":true,"href":"https:\/\/www.teamplace.eu\/estt\/wp-json\/wp\/v2\/comments?post=152"}],"wp:featuredmedia":[{"embeddable":true,"href":"https:\/\/www.teamplace.eu\/estt\/wp-json\/wp\/v2\/media\/1975"}],"wp:attachment":[{"href":"https:\/\/www.teamplace.eu\/estt\/wp-json\/wp\/v2\/media?parent=152"}],"wp:term":[{"taxonomy":"product_brand","embeddable":true,"href":"https:\/\/www.teamplace.eu\/estt\/wp-json\/wp\/v2\/product_brand?post=152"},{"taxonomy":"product_cat","embeddable":true,"href":"https:\/\/www.teamplace.eu\/estt\/wp-json\/wp\/v2\/product_cat?post=152"},{"taxonomy":"product_tag","embeddable":true,"href":"https:\/\/www.teamplace.eu\/estt\/wp-json\/wp\/v2\/product_tag?post=152"}],"curies":[{"name":"wp","href":"https:\/\/api.w.org\/{rel}","templated":true}]}}