
{"id":1514,"date":"2022-04-19T21:46:54","date_gmt":"2022-04-19T18:46:54","guid":{"rendered":"https:\/\/www.teamplace.eu\/estt\/?post_type=product&#038;p=1514"},"modified":"2026-02-12T11:57:13","modified_gmt":"2026-02-12T09:57:13","slug":"sleek-o-pitkahihainen-estt-teamgym-eclipse","status":"publish","type":"product","link":"https:\/\/www.teamplace.eu\/estt\/product\/sleek-o-pitkahihainen-estt-teamgym-eclipse\/","title":{"rendered":"SLEEK O pitk\u00e4hihainen EsTT TeamGym \/Eclipse"},"content":{"rendered":"<p>Pitk\u00e4hihainen paita on malliltaan istuva ja hihoissa on mukavasti pituutta. Korkealaatuinen ja joustava materiaali on hengitt\u00e4v\u00e4 ja haihduttaa kosteuden nopeasti, jolloin k\u00e4ytt\u00f6mukavuus on ihanteellinen. <\/p>\n<p>EsTT TeamGym logopainatus painettu selk\u00e4\u00e4n valkoisella. Paidan vasempaan rintaan painettu valkoisella joukkueen nimi ECLIPSE.<\/p>\n<p>Paita on tarkoitettu EsTT TeamGym kilpaharrastajien kilpailupaidaksi.<\/p>\n<p>Materiaali: 88% polyester, 12% elastaani<br \/>\nKoot: 120, 130, 140, 150, XS, S, M, L, XL<br \/>\nV\u00e4ri: turkoosi<\/p>\n","protected":false},"excerpt":{"rendered":"<p>Pitk\u00e4hihainen paita on malliltaan istuva ja hihoissa on mukavasti pituutta. Korkealaatuinen ja joustava materiaali on hengitt\u00e4v\u00e4 ja haihduttaa kosteuden nopeasti, jolloin k\u00e4ytt\u00f6mukavuus on ihanteellinen. <\/p>\n<p>EsTT TeamGym logopainatus painettu selk\u00e4\u00e4n valkoisella. Paidan vasempaan rintaan painettu valkoisella joukkueen nimi ECLIPSE.<\/p>\n<p>Paita on tarkoitettu EsTT TeamGym kilpaharrastajien kilpailupaidaksi.<\/p>\n<p>Materiaali: 88% polyester, 12% elastaani<br \/>\nKoot: 120, 130, 140, 150, XS, S, M, L, XL<br \/>\nV\u00e4ri: turkoosi<\/p>\n","protected":false},"featured_media":1500,"comment_status":"open","ping_status":"closed","template":"","meta":[],"product_brand":[],"product_cat":[69,55],"product_tag":[],"class_list":{"0":"post-1514","1":"product","2":"type-product","3":"status-publish","4":"has-post-thumbnail","6":"product_cat-estt-tuotteet","7":"product_cat-teamgym","9":"first","10":"instock","11":"taxable","12":"shipping-taxable","13":"purchasable","14":"product-type-variable"},"exclude_global_add_ons":[],"addons":[],"featured_image_urls_v2":{"full":["https:\/\/www.teamplace.eu\/estt\/wp-content\/uploads\/sites\/9\/2022\/04\/Sleek-O-turkoosi-Eclipse-etu.png",1064,1064,false],"thumbnail":["https:\/\/www.teamplace.eu\/estt\/wp-content\/uploads\/sites\/9\/2022\/04\/Sleek-O-turkoosi-Eclipse-etu-150x150.png",150,150,true],"medium":["https:\/\/www.teamplace.eu\/estt\/wp-content\/uploads\/sites\/9\/2022\/04\/Sleek-O-turkoosi-Eclipse-etu-300x300.png",300,300,true],"medium_large":["https:\/\/www.teamplace.eu\/estt\/wp-content\/uploads\/sites\/9\/2022\/04\/Sleek-O-turkoosi-Eclipse-etu-768x768.png",580,580,true],"large":["https:\/\/www.teamplace.eu\/estt\/wp-content\/uploads\/sites\/9\/2022\/04\/Sleek-O-turkoosi-Eclipse-etu-1024x1024.png",580,580,true],"1536x1536":["https:\/\/www.teamplace.eu\/estt\/wp-content\/uploads\/sites\/9\/2022\/04\/Sleek-O-turkoosi-Eclipse-etu.png",1064,1064,false],"2048x2048":["https:\/\/www.teamplace.eu\/estt\/wp-content\/uploads\/sites\/9\/2022\/04\/Sleek-O-turkoosi-Eclipse-etu.png",1064,1064,false],"post-thumbnail":["https:\/\/www.teamplace.eu\/estt\/wp-content\/uploads\/sites\/9\/2022\/04\/Sleek-O-turkoosi-Eclipse-etu.png",1064,1064,false],"twentytwenty-fullscreen":["https:\/\/www.teamplace.eu\/estt\/wp-content\/uploads\/sites\/9\/2022\/04\/Sleek-O-turkoosi-Eclipse-etu.png",1064,1064,false],"woocommerce_thumbnail":["https:\/\/www.teamplace.eu\/estt\/wp-content\/uploads\/sites\/9\/2022\/04\/Sleek-O-turkoosi-Eclipse-etu-450x450.png",450,450,true],"woocommerce_single":["https:\/\/www.teamplace.eu\/estt\/wp-content\/uploads\/sites\/9\/2022\/04\/Sleek-O-turkoosi-Eclipse-etu-600x600.png",600,600,true],"woocommerce_gallery_thumbnail":["https:\/\/www.teamplace.eu\/estt\/wp-content\/uploads\/sites\/9\/2022\/04\/Sleek-O-turkoosi-Eclipse-etu-100x100.png",100,100,true]},"post_excerpt_stackable_v2":"<p>Pitk\u00e4hihainen paita on malliltaan istuva ja hihoissa on mukavasti pituutta. Korkealaatuinen ja joustava materiaali on hengitt\u00e4v\u00e4 ja haihduttaa kosteuden nopeasti, jolloin k\u00e4ytt\u00f6mukavuus on ihanteellinen. <\/p>\n<p>EsTT TeamGym logopainatus painettu selk\u00e4\u00e4n valkoisella. Paidan vasempaan rintaan painettu valkoisella joukkueen nimi ECLIPSE.<\/p>\n<p>Paita on tarkoitettu EsTT TeamGym kilpaharrastajien kilpailupaidaksi.<\/p>\n<p>Materiaali: 88% polyester, 12% elastaani<br \/>\nKoot: 120, 130, 140, 150, XS, S, M, L, XL<br \/>\nV\u00e4ri: turkoosi<\/p>\n","category_list_v2":"","author_info_v2":{"name":"","url":""},"comments_num_v2":"0 comments","_links":{"self":[{"href":"https:\/\/www.teamplace.eu\/estt\/wp-json\/wp\/v2\/product\/1514","targetHints":{"allow":["GET"]}}],"collection":[{"href":"https:\/\/www.teamplace.eu\/estt\/wp-json\/wp\/v2\/product"}],"about":[{"href":"https:\/\/www.teamplace.eu\/estt\/wp-json\/wp\/v2\/types\/product"}],"replies":[{"embeddable":true,"href":"https:\/\/www.teamplace.eu\/estt\/wp-json\/wp\/v2\/comments?post=1514"}],"wp:featuredmedia":[{"embeddable":true,"href":"https:\/\/www.teamplace.eu\/estt\/wp-json\/wp\/v2\/media\/1500"}],"wp:attachment":[{"href":"https:\/\/www.teamplace.eu\/estt\/wp-json\/wp\/v2\/media?parent=1514"}],"wp:term":[{"taxonomy":"product_brand","embeddable":true,"href":"https:\/\/www.teamplace.eu\/estt\/wp-json\/wp\/v2\/product_brand?post=1514"},{"taxonomy":"product_cat","embeddable":true,"href":"https:\/\/www.teamplace.eu\/estt\/wp-json\/wp\/v2\/product_cat?post=1514"},{"taxonomy":"product_tag","embeddable":true,"href":"https:\/\/www.teamplace.eu\/estt\/wp-json\/wp\/v2\/product_tag?post=1514"}],"curies":[{"name":"wp","href":"https:\/\/api.w.org\/{rel}","templated":true}]}}