
{"id":1329,"date":"2021-04-28T10:53:50","date_gmt":"2021-04-28T07:53:50","guid":{"rendered":"https:\/\/www.teamplace.eu\/estt\/?post_type=product&#038;p=1329"},"modified":"2026-02-12T11:58:57","modified_gmt":"2026-02-12T09:58:57","slug":"craft-treenishortsit-estt","status":"publish","type":"product","link":"https:\/\/www.teamplace.eu\/estt\/product\/craft-treenishortsit-estt\/","title":{"rendered":"Craft treenishortsit EsTT"},"content":{"rendered":"<p>Craftin Progress 2.0 Shorts ovat edistyneet treenishortsit, jotka on valmistettu kevyest\u00e4 ja joustavasta kierr\u00e4tyspolyesterista. Shortseissa on klassinen yksiv\u00e4rinen design ja joustava vy\u00f6t\u00e4r\u00f6 kiristysny\u00f6rill\u00e4 varmistaa t\u00e4ydellisen istuvuuden.<\/p>\n<p>Valkoinen EsTT logo painettu oikeaan reiteen.<\/p>\n<p>V\u00e4ri: tummansininen<\/p>\n<p>KOOT<br \/>\nLasten: 122\/128cm, 134\/140cm, 146\/152cm, 158\/164cm<br \/>\nMiesten: XS, S, M, L, XL, XXL<\/p>\n","protected":false},"excerpt":{"rendered":"<p>Craftin Progress 2.0 Shorts ovat edistyneet treenishortsit, jotka on valmistettu kevyest\u00e4 ja joustavasta kierr\u00e4tyspolyesterista. Shortseissa on klassinen yksiv\u00e4rinen design ja joustava vy\u00f6t\u00e4r\u00f6 kiristysny\u00f6rill\u00e4 varmistaa t\u00e4ydellisen istuvuuden.<\/p>\n<p>Valkoinen EsTT logo painettu oikeaan reiteen.<\/p>\n<p>V\u00e4ri: tummansininen<\/p>\n<p>KOOT<br \/>\nLasten: 122\/128cm, 134\/140cm, 146\/152cm, 158\/164cm<br \/>\nMiesten: XS, S, M, L, XL, XXL<\/p>\n","protected":false},"featured_media":1347,"comment_status":"open","ping_status":"closed","template":"","meta":[],"product_brand":[],"product_cat":[69,42],"product_tag":[],"class_list":{"0":"post-1329","1":"product","2":"type-product","3":"status-publish","4":"has-post-thumbnail","6":"product_cat-estt-tuotteet","7":"product_cat-miehet","9":"first","10":"instock","11":"taxable","12":"shipping-taxable","13":"purchasable","14":"product-type-variable"},"exclude_global_add_ons":[],"addons":[],"featured_image_urls_v2":{"full":["https:\/\/www.teamplace.eu\/estt\/wp-content\/uploads\/sites\/9\/2021\/04\/Craft-shortsit-pitkat-musta-miesten.png",1064,1074,false],"thumbnail":["https:\/\/www.teamplace.eu\/estt\/wp-content\/uploads\/sites\/9\/2021\/04\/Craft-shortsit-pitkat-musta-miesten-150x150.png",150,150,true],"medium":["https:\/\/www.teamplace.eu\/estt\/wp-content\/uploads\/sites\/9\/2021\/04\/Craft-shortsit-pitkat-musta-miesten-297x300.png",297,300,true],"medium_large":["https:\/\/www.teamplace.eu\/estt\/wp-content\/uploads\/sites\/9\/2021\/04\/Craft-shortsit-pitkat-musta-miesten-768x775.png",580,585,true],"large":["https:\/\/www.teamplace.eu\/estt\/wp-content\/uploads\/sites\/9\/2021\/04\/Craft-shortsit-pitkat-musta-miesten-1014x1024.png",580,586,true],"1536x1536":["https:\/\/www.teamplace.eu\/estt\/wp-content\/uploads\/sites\/9\/2021\/04\/Craft-shortsit-pitkat-musta-miesten.png",1064,1074,false],"2048x2048":["https:\/\/www.teamplace.eu\/estt\/wp-content\/uploads\/sites\/9\/2021\/04\/Craft-shortsit-pitkat-musta-miesten.png",1064,1074,false],"post-thumbnail":["https:\/\/www.teamplace.eu\/estt\/wp-content\/uploads\/sites\/9\/2021\/04\/Craft-shortsit-pitkat-musta-miesten.png",1064,1074,false],"twentytwenty-fullscreen":["https:\/\/www.teamplace.eu\/estt\/wp-content\/uploads\/sites\/9\/2021\/04\/Craft-shortsit-pitkat-musta-miesten.png",1064,1074,false],"woocommerce_thumbnail":["https:\/\/www.teamplace.eu\/estt\/wp-content\/uploads\/sites\/9\/2021\/04\/Craft-shortsit-pitkat-musta-miesten-450x450.png",450,450,true],"woocommerce_single":["https:\/\/www.teamplace.eu\/estt\/wp-content\/uploads\/sites\/9\/2021\/04\/Craft-shortsit-pitkat-musta-miesten-600x606.png",600,606,true],"woocommerce_gallery_thumbnail":["https:\/\/www.teamplace.eu\/estt\/wp-content\/uploads\/sites\/9\/2021\/04\/Craft-shortsit-pitkat-musta-miesten-100x100.png",100,100,true]},"post_excerpt_stackable_v2":"<p>Craftin Progress 2.0 Shorts ovat edistyneet treenishortsit, jotka on valmistettu kevyest\u00e4 ja joustavasta kierr\u00e4tyspolyesterista. Shortseissa on klassinen yksiv\u00e4rinen design ja joustava vy\u00f6t\u00e4r\u00f6 kiristysny\u00f6rill\u00e4 varmistaa t\u00e4ydellisen istuvuuden.<\/p>\n<p>Valkoinen EsTT logo painettu oikeaan reiteen.<\/p>\n<p>V\u00e4ri: tummansininen<\/p>\n<p>KOOT<br \/>\nLasten: 122\/128cm, 134\/140cm, 146\/152cm, 158\/164cm<br \/>\nMiesten: XS, S, M, L, XL, XXL<\/p>\n","category_list_v2":"","author_info_v2":{"name":"","url":""},"comments_num_v2":"0 comments","_links":{"self":[{"href":"https:\/\/www.teamplace.eu\/estt\/wp-json\/wp\/v2\/product\/1329","targetHints":{"allow":["GET"]}}],"collection":[{"href":"https:\/\/www.teamplace.eu\/estt\/wp-json\/wp\/v2\/product"}],"about":[{"href":"https:\/\/www.teamplace.eu\/estt\/wp-json\/wp\/v2\/types\/product"}],"replies":[{"embeddable":true,"href":"https:\/\/www.teamplace.eu\/estt\/wp-json\/wp\/v2\/comments?post=1329"}],"wp:featuredmedia":[{"embeddable":true,"href":"https:\/\/www.teamplace.eu\/estt\/wp-json\/wp\/v2\/media\/1347"}],"wp:attachment":[{"href":"https:\/\/www.teamplace.eu\/estt\/wp-json\/wp\/v2\/media?parent=1329"}],"wp:term":[{"taxonomy":"product_brand","embeddable":true,"href":"https:\/\/www.teamplace.eu\/estt\/wp-json\/wp\/v2\/product_brand?post=1329"},{"taxonomy":"product_cat","embeddable":true,"href":"https:\/\/www.teamplace.eu\/estt\/wp-json\/wp\/v2\/product_cat?post=1329"},{"taxonomy":"product_tag","embeddable":true,"href":"https:\/\/www.teamplace.eu\/estt\/wp-json\/wp\/v2\/product_tag?post=1329"}],"curies":[{"name":"wp","href":"https:\/\/api.w.org\/{rel}","templated":true}]}}