
{"id":1324,"date":"2021-04-27T16:22:39","date_gmt":"2021-04-27T13:22:39","guid":{"rendered":"https:\/\/www.teamplace.eu\/estt\/?post_type=product&#038;p=1324"},"modified":"2026-02-12T11:59:06","modified_gmt":"2026-02-12T09:59:06","slug":"premium-jumppapussi-estt-akro","status":"publish","type":"product","link":"https:\/\/www.teamplace.eu\/estt\/product\/premium-jumppapussi-estt-akro\/","title":{"rendered":"Premium jumppapussi EsTT Acrobatic Gymnastics\/ eri v\u00e4rej\u00e4"},"content":{"rendered":"<p>Paksusta polyester-materiaalista valmistettu premium jumppapussi, jonka sivusaumassa vetoketjutasku. Paksut valkoiset ny\u00f6rit. Vedenpit\u00e4v\u00e4 kangas.<\/p>\n<p>EsTT Acrobatic Gymnastics logo painettu valkoisella keskelle pussia.<br \/>\nNimipainatus mahdollista painaa logon alle kaunokirjoituksella. Nimipainatuksen lis\u00e4hinta on 5,00\u20ac.<\/p>\n<p>Koko: 40 x 48 cm<br \/>\nTilavuus: 15 litraa<br \/>\nV\u00e4ri: tummansininen-valkoinen ja kirkkaansininen-valkoinen<\/p>\n","protected":false},"excerpt":{"rendered":"<p>Paksusta polyester-materiaalista valmistettu premium jumppapussi, jonka sivusaumassa vetoketjutasku. Paksut valkoiset ny\u00f6rit. Vedenpit\u00e4v\u00e4 kangas.<\/p>\n<p>EsTT Acrobatic Gymnastics logo painettu valkoisella keskelle pussia.<br \/>\nNimipainatus mahdollista painaa logon alle kaunokirjoituksella. Nimipainatuksen lis\u00e4hinta on 5,00\u20ac.<\/p>\n<p>Koko: 40 x 48 cm<br \/>\nTilavuus: 15 litraa<br \/>\nV\u00e4ri: tummansininen-valkoinen ja kirkkaansininen-valkoinen<\/p>\n","protected":false},"featured_media":1925,"comment_status":"open","ping_status":"closed","template":"","meta":[],"product_brand":[],"product_cat":[56,69],"product_tag":[],"class_list":{"0":"post-1324","1":"product","2":"type-product","3":"status-publish","4":"has-post-thumbnail","6":"product_cat-akrobatiavoimistelu","7":"product_cat-estt-tuotteet","9":"first","10":"instock","11":"taxable","12":"shipping-taxable","13":"purchasable","14":"product-type-simple"},"exclude_global_add_ons":false,"addons":[{"name":"Valitse jumppapussin v\u00e4ri:","type":"multiple_choice","position":0,"required":true,"title_format":"label","default":"","description_enable":false,"description":"","placeholder_enable":false,"placeholder":"","display":"images","restrictions_type":"any_text","adjust_price":false,"price":"","price_type":"flat_fee","restrictions":false,"min":"0","max":"0","options":[{"label":"Tummansininen-valkoinen","price":"","price_type":"flat_fee","image":1325,"visibility":true},{"label":"Kirkkaansininen-valkoinen","price":"","price_type":"flat_fee","image":1922,"visibility":true}],"id":1770726165},{"name":"Halutessasi saat jumppapussiin nimipainatuksen","type":"custom_text","position":1,"required":false,"title_format":"heading","default":"","description_enable":true,"description":"Etunimi painetaan logon alle valkoisella. Kirjoita nimi alla olevaan kentt\u00e4\u00e4n:","placeholder_enable":false,"placeholder":"","display":"select","restrictions_type":"any_text","adjust_price":true,"price":"5","price_type":"flat_fee","restrictions":true,"min":"0","max":"12","options":[],"id":1770726164}],"featured_image_urls_v2":{"full":["https:\/\/www.teamplace.eu\/estt\/wp-content\/uploads\/sites\/9\/2021\/04\/Jumppapussi-akro-navy-estt.png",1064,1064,false],"thumbnail":["https:\/\/www.teamplace.eu\/estt\/wp-content\/uploads\/sites\/9\/2021\/04\/Jumppapussi-akro-navy-estt-150x150.png",150,150,true],"medium":["https:\/\/www.teamplace.eu\/estt\/wp-content\/uploads\/sites\/9\/2021\/04\/Jumppapussi-akro-navy-estt-300x300.png",300,300,true],"medium_large":["https:\/\/www.teamplace.eu\/estt\/wp-content\/uploads\/sites\/9\/2021\/04\/Jumppapussi-akro-navy-estt-768x768.png",580,580,true],"large":["https:\/\/www.teamplace.eu\/estt\/wp-content\/uploads\/sites\/9\/2021\/04\/Jumppapussi-akro-navy-estt-1024x1024.png",580,580,true],"1536x1536":["https:\/\/www.teamplace.eu\/estt\/wp-content\/uploads\/sites\/9\/2021\/04\/Jumppapussi-akro-navy-estt.png",1064,1064,false],"2048x2048":["https:\/\/www.teamplace.eu\/estt\/wp-content\/uploads\/sites\/9\/2021\/04\/Jumppapussi-akro-navy-estt.png",1064,1064,false],"post-thumbnail":["https:\/\/www.teamplace.eu\/estt\/wp-content\/uploads\/sites\/9\/2021\/04\/Jumppapussi-akro-navy-estt.png",1064,1064,false],"twentytwenty-fullscreen":["https:\/\/www.teamplace.eu\/estt\/wp-content\/uploads\/sites\/9\/2021\/04\/Jumppapussi-akro-navy-estt.png",1064,1064,false],"woocommerce_thumbnail":["https:\/\/www.teamplace.eu\/estt\/wp-content\/uploads\/sites\/9\/2021\/04\/Jumppapussi-akro-navy-estt-450x450.png",450,450,true],"woocommerce_single":["https:\/\/www.teamplace.eu\/estt\/wp-content\/uploads\/sites\/9\/2021\/04\/Jumppapussi-akro-navy-estt-600x600.png",600,600,true],"woocommerce_gallery_thumbnail":["https:\/\/www.teamplace.eu\/estt\/wp-content\/uploads\/sites\/9\/2021\/04\/Jumppapussi-akro-navy-estt-100x100.png",100,100,true]},"post_excerpt_stackable_v2":"<p>Paksusta polyester-materiaalista valmistettu premium jumppapussi, jonka sivusaumassa vetoketjutasku. Paksut valkoiset ny\u00f6rit. Vedenpit\u00e4v\u00e4 kangas.<\/p>\n<p>EsTT Acrobatic Gymnastics logo painettu valkoisella keskelle pussia.<br \/>\nNimipainatus mahdollista painaa logon alle kaunokirjoituksella. Nimipainatuksen lis\u00e4hinta on 5,00\u20ac.<\/p>\n<p>Koko: 40 x 48 cm<br \/>\nTilavuus: 15 litraa<br \/>\nV\u00e4ri: tummansininen-valkoinen ja kirkkaansininen-valkoinen<\/p>\n","category_list_v2":"","author_info_v2":{"name":"","url":""},"comments_num_v2":"0 comments","_links":{"self":[{"href":"https:\/\/www.teamplace.eu\/estt\/wp-json\/wp\/v2\/product\/1324","targetHints":{"allow":["GET"]}}],"collection":[{"href":"https:\/\/www.teamplace.eu\/estt\/wp-json\/wp\/v2\/product"}],"about":[{"href":"https:\/\/www.teamplace.eu\/estt\/wp-json\/wp\/v2\/types\/product"}],"replies":[{"embeddable":true,"href":"https:\/\/www.teamplace.eu\/estt\/wp-json\/wp\/v2\/comments?post=1324"}],"wp:featuredmedia":[{"embeddable":true,"href":"https:\/\/www.teamplace.eu\/estt\/wp-json\/wp\/v2\/media\/1925"}],"wp:attachment":[{"href":"https:\/\/www.teamplace.eu\/estt\/wp-json\/wp\/v2\/media?parent=1324"}],"wp:term":[{"taxonomy":"product_brand","embeddable":true,"href":"https:\/\/www.teamplace.eu\/estt\/wp-json\/wp\/v2\/product_brand?post=1324"},{"taxonomy":"product_cat","embeddable":true,"href":"https:\/\/www.teamplace.eu\/estt\/wp-json\/wp\/v2\/product_cat?post=1324"},{"taxonomy":"product_tag","embeddable":true,"href":"https:\/\/www.teamplace.eu\/estt\/wp-json\/wp\/v2\/product_tag?post=1324"}],"curies":[{"name":"wp","href":"https:\/\/api.w.org\/{rel}","templated":true}]}}