
{"id":1223,"date":"2021-04-27T14:37:33","date_gmt":"2021-04-27T11:37:33","guid":{"rendered":"https:\/\/www.teamplace.eu\/estt\/?post_type=product&#038;p=1223"},"modified":"2026-02-12T11:59:50","modified_gmt":"2026-02-12T09:59:50","slug":"craft-toppatakki-estt-tummansininen-lasten","status":"publish","type":"product","link":"https:\/\/www.teamplace.eu\/estt\/product\/craft-toppatakki-estt-tummansininen-lasten\/","title":{"rendered":"Craft toppatakki EsTT tummansininen \/lasten"},"content":{"rendered":"<p>CRAFT -kevyttoppatakki, vetoketjulliset sivutaskut sek\u00e4 rintatasku. Irrotettava huppu. Joustavat resorit hihansuissa ja helmassa.<\/p>\n<p>Tummansinisess\u00e4 takissa sel\u00e4ss\u00e4 valkoinen EsTT Gymnastics logobrodeerus. Vasempaan hihaan brodeerattu Suomen lippu.<\/p>\n<p>Craft-takeilla on aina noin kahden viikon toimitusaika.<\/p>\n<p>LASTEN KOOT:<br \/>\n122\/128cm, 134\/140cm, 146\/152cm, 158\/164cm<\/p>\n<p>Materiaali: 100% polyester<\/p>\n","protected":false},"excerpt":{"rendered":"<p>CRAFT -kevyttoppatakki, vetoketjulliset sivutaskut sek\u00e4 rintatasku. Irrotettava huppu. Joustavat resorit hihansuissa ja helmassa.<\/p>\n<p>Tummansinisess\u00e4 takissa sel\u00e4ss\u00e4 valkoinen EsTT Gymnastics logobrodeerus. Vasempaan hihaan brodeerattu Suomen lippu.<\/p>\n<p>Craft-takeilla on aina noin kahden viikon toimitusaika.<\/p>\n<p>LASTEN KOOT:<br \/>\n122\/128cm, 134\/140cm, 146\/152cm, 158\/164cm<\/p>\n<p>Materiaali: 100% polyester<\/p>\n","protected":false},"featured_media":1230,"comment_status":"open","ping_status":"closed","template":"","meta":[],"product_brand":[],"product_cat":[68,69,42],"product_tag":[],"class_list":{"0":"post-1223","1":"product","2":"type-product","3":"status-publish","4":"has-post-thumbnail","6":"product_cat-edustusasut","7":"product_cat-estt-tuotteet","8":"product_cat-miehet","10":"first","11":"instock","12":"taxable","13":"shipping-taxable","14":"purchasable","15":"product-type-variable"},"exclude_global_add_ons":[],"addons":[],"featured_image_urls_v2":{"full":["https:\/\/www.teamplace.eu\/estt\/wp-content\/uploads\/sites\/9\/2021\/04\/Craft-isolate-navy-lasten-estt.png",1064,1064,false],"thumbnail":["https:\/\/www.teamplace.eu\/estt\/wp-content\/uploads\/sites\/9\/2021\/04\/Craft-isolate-navy-lasten-estt-150x150.png",150,150,true],"medium":["https:\/\/www.teamplace.eu\/estt\/wp-content\/uploads\/sites\/9\/2021\/04\/Craft-isolate-navy-lasten-estt-300x300.png",300,300,true],"medium_large":["https:\/\/www.teamplace.eu\/estt\/wp-content\/uploads\/sites\/9\/2021\/04\/Craft-isolate-navy-lasten-estt-768x768.png",580,580,true],"large":["https:\/\/www.teamplace.eu\/estt\/wp-content\/uploads\/sites\/9\/2021\/04\/Craft-isolate-navy-lasten-estt-1024x1024.png",580,580,true],"1536x1536":["https:\/\/www.teamplace.eu\/estt\/wp-content\/uploads\/sites\/9\/2021\/04\/Craft-isolate-navy-lasten-estt.png",1064,1064,false],"2048x2048":["https:\/\/www.teamplace.eu\/estt\/wp-content\/uploads\/sites\/9\/2021\/04\/Craft-isolate-navy-lasten-estt.png",1064,1064,false],"post-thumbnail":["https:\/\/www.teamplace.eu\/estt\/wp-content\/uploads\/sites\/9\/2021\/04\/Craft-isolate-navy-lasten-estt.png",1064,1064,false],"twentytwenty-fullscreen":["https:\/\/www.teamplace.eu\/estt\/wp-content\/uploads\/sites\/9\/2021\/04\/Craft-isolate-navy-lasten-estt.png",1064,1064,false],"woocommerce_thumbnail":["https:\/\/www.teamplace.eu\/estt\/wp-content\/uploads\/sites\/9\/2021\/04\/Craft-isolate-navy-lasten-estt-450x450.png",450,450,true],"woocommerce_single":["https:\/\/www.teamplace.eu\/estt\/wp-content\/uploads\/sites\/9\/2021\/04\/Craft-isolate-navy-lasten-estt-600x600.png",600,600,true],"woocommerce_gallery_thumbnail":["https:\/\/www.teamplace.eu\/estt\/wp-content\/uploads\/sites\/9\/2021\/04\/Craft-isolate-navy-lasten-estt-100x100.png",100,100,true]},"post_excerpt_stackable_v2":"<p>CRAFT -kevyttoppatakki, vetoketjulliset sivutaskut sek\u00e4 rintatasku. Irrotettava huppu. Joustavat resorit hihansuissa ja helmassa.<\/p>\n<p>Tummansinisess\u00e4 takissa sel\u00e4ss\u00e4 valkoinen EsTT Gymnastics logobrodeerus. Vasempaan hihaan brodeerattu Suomen lippu.<\/p>\n<p>Craft-takeilla on aina noin kahden viikon toimitusaika.<\/p>\n<p>LASTEN KOOT:<br \/>\n122\/128cm, 134\/140cm, 146\/152cm, 158\/164cm<\/p>\n<p>Materiaali: 100% polyester<\/p>\n","category_list_v2":"","author_info_v2":{"name":"","url":""},"comments_num_v2":"0 comments","_links":{"self":[{"href":"https:\/\/www.teamplace.eu\/estt\/wp-json\/wp\/v2\/product\/1223","targetHints":{"allow":["GET"]}}],"collection":[{"href":"https:\/\/www.teamplace.eu\/estt\/wp-json\/wp\/v2\/product"}],"about":[{"href":"https:\/\/www.teamplace.eu\/estt\/wp-json\/wp\/v2\/types\/product"}],"replies":[{"embeddable":true,"href":"https:\/\/www.teamplace.eu\/estt\/wp-json\/wp\/v2\/comments?post=1223"}],"wp:featuredmedia":[{"embeddable":true,"href":"https:\/\/www.teamplace.eu\/estt\/wp-json\/wp\/v2\/media\/1230"}],"wp:attachment":[{"href":"https:\/\/www.teamplace.eu\/estt\/wp-json\/wp\/v2\/media?parent=1223"}],"wp:term":[{"taxonomy":"product_brand","embeddable":true,"href":"https:\/\/www.teamplace.eu\/estt\/wp-json\/wp\/v2\/product_brand?post=1223"},{"taxonomy":"product_cat","embeddable":true,"href":"https:\/\/www.teamplace.eu\/estt\/wp-json\/wp\/v2\/product_cat?post=1223"},{"taxonomy":"product_tag","embeddable":true,"href":"https:\/\/www.teamplace.eu\/estt\/wp-json\/wp\/v2\/product_tag?post=1223"}],"curies":[{"name":"wp","href":"https:\/\/api.w.org\/{rel}","templated":true}]}}