
{"id":1177,"date":"2021-04-27T11:28:54","date_gmt":"2021-04-27T08:28:54","guid":{"rendered":"https:\/\/www.teamplace.eu\/estt\/?post_type=product&#038;p=1177"},"modified":"2026-02-12T12:00:01","modified_gmt":"2026-02-12T10:00:01","slug":"whoop-vetoketjuhuppari-estt","status":"publish","type":"product","link":"https:\/\/www.teamplace.eu\/estt\/product\/whoop-vetoketjuhuppari-estt\/","title":{"rendered":"WHOOP vetoketjuhuppari EsTT \/eri v\u00e4rej\u00e4"},"content":{"rendered":"<p>Naisten korkealaatuinen tyk\u00f6istuva vetoketjuhuppari vetoketjutaskuilla. Hupun kangas on kaksinkertainen, lis\u00e4ksi huppua on mahdollista kirist\u00e4\u00e4 kiristyskuminauhalla. Hupparin sis\u00e4pinta on pehme\u00e4n tuntuinen.<\/p>\n<p>Hupparin selk\u00e4\u00e4n painettu EsTT logo valkoisella.<\/p>\n<p>KOOT: 130, 140, 150, XS, S, M, L, XL<\/p>\n<p>Materiaali: 100% polyester<\/p>\n","protected":false},"excerpt":{"rendered":"<p>Naisten korkealaatuinen tyk\u00f6istuva vetoketjuhuppari vetoketjutaskuilla. Hupun kangas on kaksinkertainen, lis\u00e4ksi huppua on mahdollista kirist\u00e4\u00e4 kiristyskuminauhalla. Hupparin sis\u00e4pinta on pehme\u00e4n tuntuinen.<\/p>\n<p>Hupparin selk\u00e4\u00e4n painettu EsTT logo valkoisella.<\/p>\n<p>KOOT: 130, 140, 150, XS, S, M, L, XL<\/p>\n<p>Materiaali: 100% polyester<\/p>\n","protected":false},"featured_media":1352,"comment_status":"open","ping_status":"closed","template":"","meta":[],"product_brand":[],"product_cat":[69,15],"product_tag":[],"class_list":{"0":"post-1177","1":"product","2":"type-product","3":"status-publish","4":"has-post-thumbnail","6":"product_cat-estt-tuotteet","7":"product_cat-uncategorized","9":"first","10":"instock","11":"taxable","12":"shipping-taxable","13":"purchasable","14":"product-type-variable"},"exclude_global_add_ons":false,"addons":{"1":{"name":"Valitse hupparin v\u00e4ri:","type":"multiple_choice","position":0,"required":true,"title_format":"label","default":"","description_enable":false,"description":"","placeholder_enable":false,"placeholder":"","display":"images","restrictions_type":"any_text","adjust_price":false,"price":"","price_type":"flat_fee","restrictions":false,"min":"0","max":"0","options":[{"label":"Musta","price":"","price_type":"flat_fee","image":1352,"visibility":true},{"label":"Meleerattu harmaa","price":"","price_type":"flat_fee","image":1351,"visibility":true}],"id":1770742303},"0":{"name":"Voit halutessasi lis\u00e4t\u00e4 nimen takkiin","type":"custom_text","position":1,"required":false,"title_format":"heading","default":"","description_enable":true,"description":"Nimi painetaan vasempaan rintaan valkoisella. Kirjoita nimi alla olevaan kentt\u00e4\u00e4n:","placeholder_enable":false,"placeholder":"","display":"select","restrictions_type":"any_text","adjust_price":true,"price":"5","price_type":"flat_fee","restrictions":true,"min":"0","max":"12","options":[],"id":1677590409}},"featured_image_urls_v2":{"full":["https:\/\/www.teamplace.eu\/estt\/wp-content\/uploads\/sites\/9\/2021\/04\/Whoop-musta-taka-estt-1.png",1064,1064,false],"thumbnail":["https:\/\/www.teamplace.eu\/estt\/wp-content\/uploads\/sites\/9\/2021\/04\/Whoop-musta-taka-estt-1-150x150.png",150,150,true],"medium":["https:\/\/www.teamplace.eu\/estt\/wp-content\/uploads\/sites\/9\/2021\/04\/Whoop-musta-taka-estt-1-300x300.png",300,300,true],"medium_large":["https:\/\/www.teamplace.eu\/estt\/wp-content\/uploads\/sites\/9\/2021\/04\/Whoop-musta-taka-estt-1-768x768.png",580,580,true],"large":["https:\/\/www.teamplace.eu\/estt\/wp-content\/uploads\/sites\/9\/2021\/04\/Whoop-musta-taka-estt-1-1024x1024.png",580,580,true],"1536x1536":["https:\/\/www.teamplace.eu\/estt\/wp-content\/uploads\/sites\/9\/2021\/04\/Whoop-musta-taka-estt-1.png",1064,1064,false],"2048x2048":["https:\/\/www.teamplace.eu\/estt\/wp-content\/uploads\/sites\/9\/2021\/04\/Whoop-musta-taka-estt-1.png",1064,1064,false],"post-thumbnail":["https:\/\/www.teamplace.eu\/estt\/wp-content\/uploads\/sites\/9\/2021\/04\/Whoop-musta-taka-estt-1.png",1064,1064,false],"twentytwenty-fullscreen":["https:\/\/www.teamplace.eu\/estt\/wp-content\/uploads\/sites\/9\/2021\/04\/Whoop-musta-taka-estt-1.png",1064,1064,false],"woocommerce_thumbnail":["https:\/\/www.teamplace.eu\/estt\/wp-content\/uploads\/sites\/9\/2021\/04\/Whoop-musta-taka-estt-1-450x450.png",450,450,true],"woocommerce_single":["https:\/\/www.teamplace.eu\/estt\/wp-content\/uploads\/sites\/9\/2021\/04\/Whoop-musta-taka-estt-1-600x600.png",600,600,true],"woocommerce_gallery_thumbnail":["https:\/\/www.teamplace.eu\/estt\/wp-content\/uploads\/sites\/9\/2021\/04\/Whoop-musta-taka-estt-1-100x100.png",100,100,true]},"post_excerpt_stackable_v2":"<p>Naisten korkealaatuinen tyk\u00f6istuva vetoketjuhuppari vetoketjutaskuilla. Hupun kangas on kaksinkertainen, lis\u00e4ksi huppua on mahdollista kirist\u00e4\u00e4 kiristyskuminauhalla. Hupparin sis\u00e4pinta on pehme\u00e4n tuntuinen.<\/p>\n<p>Hupparin selk\u00e4\u00e4n painettu EsTT logo valkoisella.<\/p>\n<p>KOOT: 130, 140, 150, XS, S, M, L, XL<\/p>\n<p>Materiaali: 100% polyester<\/p>\n","category_list_v2":"","author_info_v2":{"name":"","url":""},"comments_num_v2":"0 comments","_links":{"self":[{"href":"https:\/\/www.teamplace.eu\/estt\/wp-json\/wp\/v2\/product\/1177","targetHints":{"allow":["GET"]}}],"collection":[{"href":"https:\/\/www.teamplace.eu\/estt\/wp-json\/wp\/v2\/product"}],"about":[{"href":"https:\/\/www.teamplace.eu\/estt\/wp-json\/wp\/v2\/types\/product"}],"replies":[{"embeddable":true,"href":"https:\/\/www.teamplace.eu\/estt\/wp-json\/wp\/v2\/comments?post=1177"}],"wp:featuredmedia":[{"embeddable":true,"href":"https:\/\/www.teamplace.eu\/estt\/wp-json\/wp\/v2\/media\/1352"}],"wp:attachment":[{"href":"https:\/\/www.teamplace.eu\/estt\/wp-json\/wp\/v2\/media?parent=1177"}],"wp:term":[{"taxonomy":"product_brand","embeddable":true,"href":"https:\/\/www.teamplace.eu\/estt\/wp-json\/wp\/v2\/product_brand?post=1177"},{"taxonomy":"product_cat","embeddable":true,"href":"https:\/\/www.teamplace.eu\/estt\/wp-json\/wp\/v2\/product_cat?post=1177"},{"taxonomy":"product_tag","embeddable":true,"href":"https:\/\/www.teamplace.eu\/estt\/wp-json\/wp\/v2\/product_tag?post=1177"}],"curies":[{"name":"wp","href":"https:\/\/api.w.org\/{rel}","templated":true}]}}